{"id":325,"date":"2020-04-21T11:27:32","date_gmt":"2020-04-21T16:27:32","guid":{"rendered":"https:\/\/greatspringsproject.org\/?page_id=325"},"modified":"2022-04-07T17:36:09","modified_gmt":"2022-04-07T22:36:09","slug":"sendero","status":"publish","type":"page","link":"https:\/\/greatspringsproject.org\/es\/trail\/","title":{"rendered":"Sendero"},"content":{"rendered":"<div data-elementor-type=\"wp-page\" data-elementor-id=\"325\" class=\"elementor elementor-325\" data-elementor-post-type=\"page\">\n\t\t\t\t\t\t<section class=\"elementor-section elementor-top-section elementor-element elementor-element-6820e49 elementor-section-boxed elementor-section-height-default elementor-section-height-default\" data-id=\"6820e49\" data-element_type=\"section\" data-e-type=\"section\">\n\t\t\t\t\t\t<div class=\"elementor-container elementor-column-gap-default\">\n\t\t\t\t\t<div class=\"elementor-column elementor-col-100 elementor-top-column elementor-element elementor-element-1442b33\" data-id=\"1442b33\" data-element_type=\"column\" data-e-type=\"column\">\n\t\t\t<div class=\"elementor-widget-wrap elementor-element-populated\">\n\t\t\t\t\t\t<div class=\"elementor-element elementor-element-db0603b elementor-widget elementor-widget-spacer\" data-id=\"db0603b\" data-element_type=\"widget\" data-e-type=\"widget\" data-widget_type=\"spacer.default\">\n\t\t\t\t<div class=\"elementor-widget-container\">\n\t\t\t\t\t\t\t<div class=\"elementor-spacer\">\n\t\t\t<div class=\"elementor-spacer-inner\"><\/div>\n\t\t<\/div>\n\t\t\t\t\t\t<\/div>\n\t\t\t\t<\/div>\n\t\t\t\t\t<\/div>\n\t\t<\/div>\n\t\t\t\t\t<\/div>\n\t\t<\/section>\n\t\t\t\t<section class=\"elementor-section elementor-top-section elementor-element elementor-element-6a0edfb elementor-section-boxed elementor-section-height-default elementor-section-height-default\" data-id=\"6a0edfb\" data-element_type=\"section\" data-e-type=\"section\">\n\t\t\t\t\t\t<div class=\"elementor-container elementor-column-gap-default\">\n\t\t\t\t\t<div class=\"elementor-column elementor-col-100 elementor-top-column elementor-element elementor-element-a5f011c\" data-id=\"a5f011c\" data-element_type=\"column\" data-e-type=\"column\">\n\t\t\t<div class=\"elementor-widget-wrap elementor-element-populated\">\n\t\t\t\t\t\t<div class=\"elementor-element elementor-element-79ddd74 elementor-widget elementor-widget-video\" data-id=\"79ddd74\" data-element_type=\"widget\" data-e-type=\"widget\" data-settings=\"{&quot;youtube_url&quot;:&quot;https:\\\/\\\/youtu.be\\\/8NdJ_O934gg&quot;,&quot;video_type&quot;:&quot;youtube&quot;,&quot;controls&quot;:&quot;yes&quot;}\" data-widget_type=\"video.default\">\n\t\t\t\t<div class=\"elementor-widget-container\">\n\t\t\t\t\t\t\t<div class=\"elementor-wrapper elementor-open-inline\">\n\t\t\t<div class=\"elementor-video\"><\/div>\t\t<\/div>\n\t\t\t\t\t\t<\/div>\n\t\t\t\t<\/div>\n\t\t\t\t\t<\/div>\n\t\t<\/div>\n\t\t\t\t\t<\/div>\n\t\t<\/section>\n\t\t\t\t<section class=\"elementor-section elementor-top-section elementor-element elementor-element-77cf2d6 elementor-section-boxed elementor-section-height-default elementor-section-height-default\" data-id=\"77cf2d6\" data-element_type=\"section\" data-e-type=\"section\">\n\t\t\t\t\t\t<div class=\"elementor-container elementor-column-gap-default\">\n\t\t\t\t\t<div class=\"elementor-column elementor-col-100 elementor-top-column elementor-element elementor-element-c491dd7\" data-id=\"c491dd7\" data-element_type=\"column\" data-e-type=\"column\">\n\t\t\t<div class=\"elementor-widget-wrap elementor-element-populated\">\n\t\t\t\t\t\t<div class=\"elementor-element elementor-element-5eb67b8 elementor-widget elementor-widget-accordion\" data-id=\"5eb67b8\" data-element_type=\"widget\" data-e-type=\"widget\" data-widget_type=\"accordion.default\">\n\t\t\t\t<div class=\"elementor-widget-container\">\n\t\t\t\t\t\t\t<div class=\"elementor-accordion\">\n\t\t\t\t\t\t\t<div class=\"elementor-accordion-item\">\n\t\t\t\t\t<div id=\"elementor-tab-title-9931\" class=\"elementor-tab-title\" data-tab=\"1\" role=\"button\" aria-controls=\"elementor-tab-content-9931\" aria-expanded=\"false\">\n\t\t\t\t\t\t\t\t\t\t\t\t\t<span class=\"elementor-accordion-icon elementor-accordion-icon-left\" aria-hidden=\"true\">\n\t\t\t\t\t\t\t\t\t\t\t\t\t\t\t<span class=\"elementor-accordion-icon-closed\"><i class=\"fas fa-plus\"><\/i><\/span>\n\t\t\t\t\t\t\t\t<span class=\"elementor-accordion-icon-opened\"><i class=\"fas fa-minus\"><\/i><\/span>\n\t\t\t\t\t\t\t\t\t\t\t\t\t\t<\/span>\n\t\t\t\t\t\t\t\t\t\t\t\t<a class=\"elementor-accordion-title\" tabindex=\"0\">\u00bfPor d\u00f3nde ir\u00e1 el sendero?<\/a>\n\t\t\t\t\t<\/div>\n\t\t\t\t\t<div id=\"elementor-tab-content-9931\" class=\"elementor-tab-content elementor-clearfix\" data-tab=\"1\" role=\"region\" aria-labelledby=\"elementor-tab-title-9931\"><p>El sendero ir\u00e1 de Austin a San Antonio, conectando con Barton Springs, San Marcos Springs, Comal Springs y San Antonio Springs. En algunos lugares, el sendero ya est\u00e1 construido, como en algunos tramos de Violet Crown Trail. En otros lugares, los trazados de los senderos han sido planificados por las comunidades locales o tienen trazados a\u00fan por determinar.<\/p><\/div>\n\t\t\t\t<\/div>\n\t\t\t\t\t\t\t<div class=\"elementor-accordion-item\">\n\t\t\t\t\t<div id=\"elementor-tab-title-9932\" class=\"elementor-tab-title\" data-tab=\"2\" role=\"button\" aria-controls=\"elementor-tab-content-9932\" aria-expanded=\"false\">\n\t\t\t\t\t\t\t\t\t\t\t\t\t<span class=\"elementor-accordion-icon elementor-accordion-icon-left\" aria-hidden=\"true\">\n\t\t\t\t\t\t\t\t\t\t\t\t\t\t\t<span class=\"elementor-accordion-icon-closed\"><i class=\"fas fa-plus\"><\/i><\/span>\n\t\t\t\t\t\t\t\t<span class=\"elementor-accordion-icon-opened\"><i class=\"fas fa-minus\"><\/i><\/span>\n\t\t\t\t\t\t\t\t\t\t\t\t\t\t<\/span>\n\t\t\t\t\t\t\t\t\t\t\t\t<a class=\"elementor-accordion-title\" tabindex=\"0\">\u00bfCu\u00e1ndo se construir\u00e1?\u00a0<\/a>\n\t\t\t\t\t<\/div>\n\t\t\t\t\t<div id=\"elementor-tab-content-9932\" class=\"elementor-tab-content elementor-clearfix\" data-tab=\"2\" role=\"region\" aria-labelledby=\"elementor-tab-title-9932\"><p>Esto depende de muchos factores, pero el objetivo general es tener el sistema de senderos de aproximadamente 160 km construido y conectado de forma contigua para 2036, con tramos de senderos a lo largo de la ruta que se construir\u00e1n por fases. El orden de las fases depender\u00e1 de factores clave como la financiaci\u00f3n, el establecimiento del derecho de paso, la obtenci\u00f3n de permisos, el dise\u00f1o y la construcci\u00f3n.<\/p><\/div>\n\t\t\t\t<\/div>\n\t\t\t\t\t\t\t<div class=\"elementor-accordion-item\">\n\t\t\t\t\t<div id=\"elementor-tab-title-9933\" class=\"elementor-tab-title\" data-tab=\"3\" role=\"button\" aria-controls=\"elementor-tab-content-9933\" aria-expanded=\"false\">\n\t\t\t\t\t\t\t\t\t\t\t\t\t<span class=\"elementor-accordion-icon elementor-accordion-icon-left\" aria-hidden=\"true\">\n\t\t\t\t\t\t\t\t\t\t\t\t\t\t\t<span class=\"elementor-accordion-icon-closed\"><i class=\"fas fa-plus\"><\/i><\/span>\n\t\t\t\t\t\t\t\t<span class=\"elementor-accordion-icon-opened\"><i class=\"fas fa-minus\"><\/i><\/span>\n\t\t\t\t\t\t\t\t\t\t\t\t\t\t<\/span>\n\t\t\t\t\t\t\t\t\t\t\t\t<a class=\"elementor-accordion-title\" tabindex=\"0\">\u00bfPor qu\u00e9 es importante este proyecto?\u00a0<\/a>\n\t\t\t\t\t<\/div>\n\t\t\t\t\t<div id=\"elementor-tab-content-9933\" class=\"elementor-tab-content elementor-clearfix\" data-tab=\"3\" role=\"region\" aria-labelledby=\"elementor-tab-title-9933\"><p>A\u00fan tenemos la oportunidad de conservar la tierra sobre el acu\u00edfero Edwards y las aguas vitales que lo atraviesan. Al ser una de las regiones de m\u00e1s r\u00e1pido crecimiento de U.S., esas oportunidades ser\u00e1n cada vez menores a medida que el desarrollo residencial y comercial llene los espacios abiertos entre Austin y San Antonio. El establecimiento de este corredor verde protegido tambi\u00e9n permitir\u00e1 crear un sistema de senderos que conectar\u00e1 a las personas con la naturaleza, ofreciendo un recurso comunitario vital para la salud de la comunidad, el transporte activo, el ocio al aire libre y el desarrollo econ\u00f3mico.<\/p><\/div>\n\t\t\t\t<\/div>\n\t\t\t\t\t\t\t<div class=\"elementor-accordion-item\">\n\t\t\t\t\t<div id=\"elementor-tab-title-9934\" class=\"elementor-tab-title\" data-tab=\"4\" role=\"button\" aria-controls=\"elementor-tab-content-9934\" aria-expanded=\"false\">\n\t\t\t\t\t\t\t\t\t\t\t\t\t<span class=\"elementor-accordion-icon elementor-accordion-icon-left\" aria-hidden=\"true\">\n\t\t\t\t\t\t\t\t\t\t\t\t\t\t\t<span class=\"elementor-accordion-icon-closed\"><i class=\"fas fa-plus\"><\/i><\/span>\n\t\t\t\t\t\t\t\t<span class=\"elementor-accordion-icon-opened\"><i class=\"fas fa-minus\"><\/i><\/span>\n\t\t\t\t\t\t\t\t\t\t\t\t\t\t<\/span>\n\t\t\t\t\t\t\t\t\t\t\t\t<a class=\"elementor-accordion-title\" tabindex=\"0\">\u00bfQui\u00e9n pagar\u00e1 por Great Springs Trail?<\/a>\n\t\t\t\t\t<\/div>\n\t\t\t\t\t<div id=\"elementor-tab-content-9934\" class=\"elementor-tab-content elementor-clearfix\" data-tab=\"4\" role=\"region\" aria-labelledby=\"elementor-tab-title-9934\"><p>Cualquier proyecto de esta magnitud requiere muchas fuentes de inversi\u00f3n. Sistemas similares de senderos regionales de larga distancia en otras partes del pa\u00eds han tenido \u00e9xito en el apalancamiento de la financiaci\u00f3n local, estatal y federal con la inversi\u00f3n privada. Estos tipos de proyectos tambi\u00e9n generan un alto rendimiento econ\u00f3mico anual de la inversi\u00f3n, creando un valor continuo para las comunidades locales. Se prev\u00e9 un planteamiento similar para el proyecto de Great Springs.<\/p><\/div>\n\t\t\t\t<\/div>\n\t\t\t\t\t\t\t<div class=\"elementor-accordion-item\">\n\t\t\t\t\t<div id=\"elementor-tab-title-9935\" class=\"elementor-tab-title\" data-tab=\"5\" role=\"button\" aria-controls=\"elementor-tab-content-9935\" aria-expanded=\"false\">\n\t\t\t\t\t\t\t\t\t\t\t\t\t<span class=\"elementor-accordion-icon elementor-accordion-icon-left\" aria-hidden=\"true\">\n\t\t\t\t\t\t\t\t\t\t\t\t\t\t\t<span class=\"elementor-accordion-icon-closed\"><i class=\"fas fa-plus\"><\/i><\/span>\n\t\t\t\t\t\t\t\t<span class=\"elementor-accordion-icon-opened\"><i class=\"fas fa-minus\"><\/i><\/span>\n\t\t\t\t\t\t\t\t\t\t\t\t\t\t<\/span>\n\t\t\t\t\t\t\t\t\t\t\t\t<a class=\"elementor-accordion-title\" tabindex=\"0\">\u00bfD\u00f3nde puedo practicar senderismo o ciclismo ahora mismo?<\/a>\n\t\t\t\t\t<\/div>\n\t\t\t\t\t<div id=\"elementor-tab-content-9935\" class=\"elementor-tab-content elementor-clearfix\" data-tab=\"5\" role=\"region\" aria-labelledby=\"elementor-tab-title-9935\"><div>Varios sitios web de las comunidades locales ofrecen gran informaci\u00f3n sobre los numerosos lugares donde se puede practicar senderismo y ciclismo en la actualidad:\u00a0<\/div><p><a href=\"https:\/\/www.austintexas.gov\/urbantrails\" target=\"_blank\" rel=\"noopener\" data-cke-saved-href=\"https:\/\/www.austintexas.gov\/urbantrails\">Austin, TX\u00a0 <\/a><\/p><p><a href=\"https:\/\/www.ci.buda.tx.us\/110\/Parks-Recreation\" target=\"_blank\" rel=\"noopener\" data-cke-saved-href=\"https:\/\/www.ci.buda.tx.us\/110\/Parks-Recreation\">Buda, TX\u00a0<\/a><\/p><p><a href=\"https:\/\/www.cityofkyle.com\/recreation\/trails\" target=\"_blank\" rel=\"noopener\" data-cke-saved-href=\"https:\/\/www.cityofkyle.com\/recreation\/trails\">Kyle, TX\u00a0<\/a><\/p><p><a href=\"https:\/\/www.sanmarcostx.gov\/921\/Natural-Areas-Trails\" target=\"_blank\" rel=\"noopener\" data-cke-saved-href=\"https:\/\/www.sanmarcostx.gov\/921\/Natural-Areas-Trails\">San Marcos, TX\u00a0<\/a><\/p><p><a href=\"https:\/\/www.nbtexas.org\/2518\/Trails\" target=\"_blank\" rel=\"noopener\" data-cke-saved-href=\"https:\/\/www.nbtexas.org\/2518\/Trails\">New Braunfels, TX\u00a0<\/a><\/p><p><a href=\"https:\/\/www.sanantonio.gov\/ParksAndRec\/Parks-Facilities\/Trails\/Greenway-Trails\" target=\"_blank\" rel=\"noopener\" data-cke-saved-href=\"https:\/\/www.sanantonio.gov\/ParksAndRec\/Parks-Facilities\/Trails\/Greenway-Trails\">San Antonio, TX\u00a0<\/a><\/p><\/div>\n\t\t\t\t<\/div>\n\t\t\t\t\t\t\t<div class=\"elementor-accordion-item\">\n\t\t\t\t\t<div id=\"elementor-tab-title-9936\" class=\"elementor-tab-title\" data-tab=\"6\" role=\"button\" aria-controls=\"elementor-tab-content-9936\" aria-expanded=\"false\">\n\t\t\t\t\t\t\t\t\t\t\t\t\t<span class=\"elementor-accordion-icon elementor-accordion-icon-left\" aria-hidden=\"true\">\n\t\t\t\t\t\t\t\t\t\t\t\t\t\t\t<span class=\"elementor-accordion-icon-closed\"><i class=\"fas fa-plus\"><\/i><\/span>\n\t\t\t\t\t\t\t\t<span class=\"elementor-accordion-icon-opened\"><i class=\"fas fa-minus\"><\/i><\/span>\n\t\t\t\t\t\t\t\t\t\t\t\t\t\t<\/span>\n\t\t\t\t\t\t\t\t\t\t\t\t<a class=\"elementor-accordion-title\" tabindex=\"0\">\u00bfC\u00f3mo afectar\u00e1 este proyecto a los propietarios privados?<\/a>\n\t\t\t\t\t<\/div>\n\t\t\t\t\t<div id=\"elementor-tab-content-9936\" class=\"elementor-tab-content elementor-clearfix\" data-tab=\"6\" role=\"region\" aria-labelledby=\"elementor-tab-title-9936\"><p>Un valor fundamental del Great Springs Project es el respeto por la tierra y los propietarios. Animamos a nuestras comunidades asociadas a lo largo del corredor a comprometerse con los propietarios dispuestos a participar en este proceso de forma voluntaria. No apoyamos el uso de la expropiaci\u00f3n forzosa, salvo en casos excepcionales en los que el propietario lo prefiera. Aunque el GSP puede facilitar las conexiones entre los propietarios y otras partes interesadas, prevemos que la mayor\u00eda de las transacciones reales relacionadas con la tierra se produzcan entre los propietarios, los fideicomisos de tierras y los operadores y gestores de senderos de la comunidad local.\u00a0<br \/>\u00a0<br \/>Las preocupaciones m\u00e1s espec\u00edficas de los propietarios de tierras en este tipo de proyectos pueden incluir la privacidad, la intrusi\u00f3n, la protecci\u00f3n del ganado y la responsabilidad. Todas ellas son preocupaciones v\u00e1lidas. En otros proyectos de senderos similares, estas preocupaciones se han abordado mediante una combinaci\u00f3n de acuerdos por escrito, la comprensi\u00f3n de los estatutos de uso recreativo que ayudan a proteger a los propietarios de la responsabilidad y, lo que es m\u00e1s importante, mediante un dise\u00f1o cuidadoso del sendero, la alineaci\u00f3n del sendero, la protecci\u00f3n vegetal, las zonas de amortiguaci\u00f3n y el vallado. Los propietarios de los terrenos participantes deben ser los que tomen las decisiones sobre la alineaci\u00f3n y el dise\u00f1o de los senderos.<\/p><\/div>\n\t\t\t\t<\/div>\n\t\t\t\t\t\t\t<div class=\"elementor-accordion-item\">\n\t\t\t\t\t<div id=\"elementor-tab-title-9937\" class=\"elementor-tab-title\" data-tab=\"7\" role=\"button\" aria-controls=\"elementor-tab-content-9937\" aria-expanded=\"false\">\n\t\t\t\t\t\t\t\t\t\t\t\t\t<span class=\"elementor-accordion-icon elementor-accordion-icon-left\" aria-hidden=\"true\">\n\t\t\t\t\t\t\t\t\t\t\t\t\t\t\t<span class=\"elementor-accordion-icon-closed\"><i class=\"fas fa-plus\"><\/i><\/span>\n\t\t\t\t\t\t\t\t<span class=\"elementor-accordion-icon-opened\"><i class=\"fas fa-minus\"><\/i><\/span>\n\t\t\t\t\t\t\t\t\t\t\t\t\t\t<\/span>\n\t\t\t\t\t\t\t\t\t\t\t\t<a class=\"elementor-accordion-title\" tabindex=\"0\">\u00bfC\u00f3mo puedo participar?\u00a0<\/a>\n\t\t\t\t\t<\/div>\n\t\t\t\t\t<div id=\"elementor-tab-content-9937\" class=\"elementor-tab-content elementor-clearfix\" data-tab=\"7\" role=\"region\" aria-labelledby=\"elementor-tab-title-9937\"><p>Cuando sea posible, le animamos a participar en las encuestas p\u00fablicas, seminarios web y eventos del GSP, y a ayudarnos a difundir estas oportunidades de participaci\u00f3n a trav\u00e9s de las redes sociales y el boca a boca. Tambi\u00e9n habr\u00e1 oportunidades en los pr\u00f3ximos meses y a\u00f1os para que exprese su apoyo al proyecto a sus funcionarios electos.<\/p><p>Si tiene otras ideas sobre c\u00f3mo puede ayudar, o si representa a una organizaci\u00f3n, empresa o terrateniente interesado en asociarse al proyecto, p\u00f3ngase en contacto con nosotros en <a href=\"mailto:info@greatspringsproject.org\">info@greatspringsproject.org<\/a><\/p><\/div>\n\t\t\t\t<\/div>\n\t\t\t\t\t\t\t\t<\/div>\n\t\t\t\t\t\t<\/div>\n\t\t\t\t<\/div>\n\t\t\t\t<div class=\"elementor-element elementor-element-fc51680 elementor-widget elementor-widget-spacer\" data-id=\"fc51680\" data-element_type=\"widget\" data-e-type=\"widget\" data-widget_type=\"spacer.default\">\n\t\t\t\t<div class=\"elementor-widget-container\">\n\t\t\t\t\t\t\t<div class=\"elementor-spacer\">\n\t\t\t<div class=\"elementor-spacer-inner\"><\/div>\n\t\t<\/div>\n\t\t\t\t\t\t<\/div>\n\t\t\t\t<\/div>\n\t\t\t\t\t<\/div>\n\t\t<\/div>\n\t\t\t\t\t<\/div>\n\t\t<\/section>\n\t\t\t\t<\/div>","protected":false},"excerpt":{"rendered":"<p>Where will the trail go? The trail will go from Austin to San Antonio, connecting to Barton Springs, San Marcos Springs, Comal Springs, and San Antonio Springs.&nbsp;In some places, the trail is already built, like sections of the Violet Crown Trail.&nbsp;In other places, trail alignments have been planned by local communities or have alignments that <a class=\"moretag\" href=\"https:\/\/greatspringsproject.org\/es\/trail\/\">[&#8230;]<\/a><\/p>\n","protected":false},"author":13,"featured_media":0,"parent":0,"menu_order":0,"comment_status":"closed","ping_status":"closed","template":"page-template-full-width.php","meta":{"_acf_changed":false,"footnotes":""},"class_list":["post-325","page","type-page","status-publish","hentry"],"acf":[],"_links":{"self":[{"href":"https:\/\/greatspringsproject.org\/es\/wp-json\/wp\/v2\/pages\/325","targetHints":{"allow":["GET"]}}],"collection":[{"href":"https:\/\/greatspringsproject.org\/es\/wp-json\/wp\/v2\/pages"}],"about":[{"href":"https:\/\/greatspringsproject.org\/es\/wp-json\/wp\/v2\/types\/page"}],"author":[{"embeddable":true,"href":"https:\/\/greatspringsproject.org\/es\/wp-json\/wp\/v2\/users\/13"}],"replies":[{"embeddable":true,"href":"https:\/\/greatspringsproject.org\/es\/wp-json\/wp\/v2\/comments?post=325"}],"version-history":[{"count":5,"href":"https:\/\/greatspringsproject.org\/es\/wp-json\/wp\/v2\/pages\/325\/revisions"}],"predecessor-version":[{"id":1567,"href":"https:\/\/greatspringsproject.org\/es\/wp-json\/wp\/v2\/pages\/325\/revisions\/1567"}],"wp:attachment":[{"href":"https:\/\/greatspringsproject.org\/es\/wp-json\/wp\/v2\/media?parent=325"}],"curies":[{"name":"wp","href":"https:\/\/api.w.org\/{rel}","templated":true}]}}